{"id":21467,"date":"2025-03-05T15:07:22","date_gmt":"2025-03-05T14:07:22","guid":{"rendered":"https:\/\/mes-pochoirs.com\/?post_type=product&#038;p=21467"},"modified":"2025-10-31T12:31:39","modified_gmt":"2025-10-31T11:31:39","slug":"rockstar-pop-stencil-pld005","status":"publish","type":"product","link":"https:\/\/mes-pochoirs.com\/nl\/produit\/pochoir-rockstar-pop-pld005","title":{"rendered":"Pop Legends\" Collectiestencil - PLD005"},"content":{"rendered":"<h2>Rockstar Pop Stencil<\/h2>\n<h3>Een legendarisch portret met een krachtige boodschap<\/h3>\n<p><strong>Rockstar Pop Stencil<\/strong>Dit model is een eerbetoon aan een tijdloos icoon, een iconische <strong>legende<\/strong> die de geschiedenis van <strong>muziek<\/strong>. Deze <strong>portret<\/strong> ge\u00efnspireerd door een <strong>Rockstar<\/strong> wiens gezicht, versierd met een bliksemschicht, symbool staat voor zowel ongebreidelde creativiteit als het overschrijden van gevestigde codes. Het is meer dan gewoon een stencil, het is een echt expressiemiddel dat je uitnodigt om je originaliteit te laten gelden en een rock- en popartgevoel in je creaties te injecteren. Of je nu een urban artist, een textielontwerper of een liefhebber van gepersonaliseerde decoratie bent, dit stencil geeft je de kans om alle visuele en symbolische kracht van deze buitengewone persoonlijkheid tot uitdrukking te brengen.<\/p>\n<h3>Geavanceerd ontwerp voor gedurfde pop-art<\/h3>\n<p><strong>Rockstar Pop Stencil<\/strong>Dit model herziet de kunst van de <strong>portret<\/strong> in een geest <strong>popart<\/strong> hedendaags, waar sterren sterke grafische iconen worden. Het past zich aan al je artistieke wensen aan: muur, canvas, textiel of meubels. Deze sjabloon stelt niet alleen een ster voor. <strong>legendarische zanger<\/strong>Het is een creatief hulpmiddel om unieke en karaktervolle werken te cre\u00ebren. Met slechts een paar bewegingen van de spuitbus of het penseel verfraait het je oppervlakken door er een nieuwe energie aan te geven. <strong>rock<\/strong> onnavolgbaar. Een perfecte bondgenoot om een gewoon oppervlak om te toveren in een krachtige visuele boodschap, ge\u00efnspireerd door de grootste namen uit de muziekwereld.<\/p>","protected":false},"excerpt":{"rendered":"<p><strong>Rockstar Pop Stencil<\/strong> voor kunstenaars. Hoge kwaliteit, herbruikbaar, perfect voor schilderijen, muurschilderingen of creatief decoreren.<\/p>","protected":false},"featured_media":21734,"comment_status":"open","ping_status":"closed","template":"","meta":{"bwfblock_default_font":"","_kad_blocks_custom_css":"","_kad_blocks_head_custom_js":"","_kad_blocks_body_custom_js":"","_kad_blocks_footer_custom_js":"","_kadence_starter_templates_imported_post":false,"_kad_post_transparent":"default","_kad_post_title":"","_kad_post_layout":"default","_kad_post_sidebar_id":"","_kad_post_content_style":"default","_kad_post_vertical_padding":"default","_kad_post_feature":"","_kad_post_feature_position":"","_kad_post_header":false,"_kad_post_footer":false,"_kad_post_classname":""},"product_brand":[1415],"product_cat":[1190,481,732,332,36],"product_tag":[340,1196,471,1191,445,1192,333,390,560,478,338],"class_list":{"0":"post-21467","1":"product","2":"type-product","3":"status-publish","4":"has-post-thumbnail","6":"product_brand-mes-pochoirs","7":"product_cat-pop-legends","8":"product_cat-collections","9":"product_cat-pochoirs-icones-celebrites","10":"product_cat-pochoirs-pop-art","11":"product_cat-pochoirs-portraits-visages","12":"product_tag-celebrite","13":"product_tag-chanteur","14":"product_tag-icone","15":"product_tag-legende","16":"product_tag-musique","17":"product_tag-personnalite","18":"product_tag-pop-art","19":"product_tag-portrait","20":"product_tag-rock","21":"product_tag-stars","22":"product_tag-visage","24":"first","25":"instock","26":"taxable","27":"shipping-taxable","28":"purchasable","29":"product-type-variable","30":"has-default-attributes","31":"entry","32":"content-bg","33":"loop-entry"},"taxonomy_info":{"product_brand":[{"value":1415,"label":"Mes Pochoirs"}],"product_cat":[{"value":1190,"label":"Pop Legends"},{"value":481,"label":"Collections"},{"value":732,"label":"Ic\u00f4nes &amp; C\u00e9l\u00e9brit\u00e9s"},{"value":332,"label":"Pop Art"},{"value":36,"label":"Portraits &amp; Visages"}],"product_tag":[{"value":340,"label":"c\u00e9l\u00e9brit\u00e9"},{"value":1196,"label":"chanteur"},{"value":471,"label":"icone"},{"value":1191,"label":"l\u00e9gende"},{"value":445,"label":"musique"},{"value":1192,"label":"personnalit\u00e9"},{"value":333,"label":"pop art"},{"value":390,"label":"portrait"},{"value":560,"label":"Rock"},{"value":478,"label":"stars"},{"value":338,"label":"visage"}]},"featured_image_src_large":["https:\/\/mes-pochoirs.com\/wp-content\/uploads\/2025\/03\/PLD005-pochoir-pop-legends-copyright-mes-pochoirs-858x1030.jpg",858,1030,true],"author_info":[],"comment_info":0,"_links":{"self":[{"href":"https:\/\/mes-pochoirs.com\/nl\/wp-json\/wp\/v2\/product\/21467","targetHints":{"allow":["GET"]}}],"collection":[{"href":"https:\/\/mes-pochoirs.com\/nl\/wp-json\/wp\/v2\/product"}],"about":[{"href":"https:\/\/mes-pochoirs.com\/nl\/wp-json\/wp\/v2\/types\/product"}],"replies":[{"embeddable":true,"href":"https:\/\/mes-pochoirs.com\/nl\/wp-json\/wp\/v2\/comments?post=21467"}],"wp:featuredmedia":[{"embeddable":true,"href":"https:\/\/mes-pochoirs.com\/nl\/wp-json\/wp\/v2\/media\/21734"}],"wp:attachment":[{"href":"https:\/\/mes-pochoirs.com\/nl\/wp-json\/wp\/v2\/media?parent=21467"}],"wp:term":[{"taxonomy":"product_brand","embeddable":true,"href":"https:\/\/mes-pochoirs.com\/nl\/wp-json\/wp\/v2\/product_brand?post=21467"},{"taxonomy":"product_cat","embeddable":true,"href":"https:\/\/mes-pochoirs.com\/nl\/wp-json\/wp\/v2\/product_cat?post=21467"},{"taxonomy":"product_tag","embeddable":true,"href":"https:\/\/mes-pochoirs.com\/nl\/wp-json\/wp\/v2\/product_tag?post=21467"}],"curies":[{"name":"wp","href":"https:\/\/api.w.org\/{rel}","templated":true}]}}