{"id":23071,"date":"2025-04-09T10:46:56","date_gmt":"2025-04-09T08:46:56","guid":{"rendered":"https:\/\/mes-pochoirs.com\/?post_type=product&#038;p=23071"},"modified":"2025-10-31T12:36:07","modified_gmt":"2025-10-31T11:36:07","slug":"che-guevara-xxl-stencil-ic0007","status":"publish","type":"product","link":"https:\/\/mes-pochoirs.com\/nl\/produit\/pochoir-che-guevara-xxl-ic0007","title":{"rendered":"Che Guevara XXL sjabloon - IC0007"},"content":{"rendered":"<h2>Che Guevara XXL sjabloon<\/h2>\n<h3>Een mythisch gezicht, een universele boodschap<\/h3>\n<p><strong>Che Guevara XXL sjabloon<\/strong>is veel meer dan alleen een sjabloon: het is de visuele belichaming van een <em>revolutionaire held<\/em> die een wereldwijd icoon van protest en vrijheid werd. Dit opvallende portret van Che Guevara, herkenbaar aan zijn baret met ster, legt de volle kracht van zijn blik en de intensiteit van zijn stem vast. <em>militante inzet<\/em> voor socialisme en verzet. Verre van bevroren te zijn in de geschiedenis, inspireert dit gezicht nog steeds creatieve geesten op zoek naar strijd, sterke symbolen en idealisme. Door dit sjabloon krijgen de emotionele lading van een politiek activist en de echo van een diep engagement voor gerechtigheid vorm op je muren, doeken en dragers. Het enige wat je nodig hebt is een spuitbus of een klodder verf om de ziel van een rebellenactivist wakker te schudden, de herinnering aan een historische strijd geboren in Cuba op te roepen en je eigen vrijheid van artistieke expressie met kracht terug te winnen.<\/p>\n<h3>Een krachtige grafische stijl voor ge\u00ebngageerde werken<\/h3>\n<p><strong>Che Guevara XXL sjabloon<\/strong>Het is ook een krachtig hulpmiddel voor stedelijke artistieke expressie, ontworpen voor durfals. Het cre\u00ebert een revolutionair portret met scherpe contrasten, perfect voor het verfraaien van een muur, canvas of elk ander oppervlak. Ge\u00efnspireerd door straatkunst en grafisch activisme roept dit stencil zowel volksverzet als creatieve vrijheid op. Met zijn XXL-formaat biedt het een monumentale aanwezigheid, ideaal om een lege ruimte om te toveren in een krachtig visueel statement. Het rauwe, gestileerde eindresultaat maakt van elke creatie een werk van protest en ge\u00ebngageerde reflectie. Dit stencil is een geweldige bondgenoot voor alle kunstenaars die hun stem willen laten gelden, hun idee\u00ebn willen verdedigen en hun kunst onderdeel willen maken van een militante, stedelijke aanpak.<\/p>","protected":false},"excerpt":{"rendered":"<p><strong>Che Guevara XXL sjabloon<\/strong> voor bord of muur. Herbruikbaar, hoge kwaliteit, ideaal voor militant schilderen of ge\u00ebngageerd kunstwerk.<\/p>","protected":false},"featured_media":23114,"comment_status":"open","ping_status":"closed","template":"","meta":{"bwfblock_default_font":"","_kad_blocks_custom_css":"","_kad_blocks_head_custom_js":"","_kad_blocks_body_custom_js":"","_kad_blocks_footer_custom_js":"","_kadence_starter_templates_imported_post":false,"_kad_post_transparent":"default","_kad_post_title":"","_kad_post_layout":"default","_kad_post_sidebar_id":"","_kad_post_content_style":"default","_kad_post_vertical_padding":"default","_kad_post_feature":"","_kad_post_feature_position":"","_kad_post_header":false,"_kad_post_footer":false,"_kad_post_classname":""},"product_brand":[1415],"product_cat":[732,36,328],"product_tag":[1226,1216,1219,1070,1222,1223,1217,891,1221,471,1220,1064,1109,1051,390,834,1048,1215,1104,1218,327,324,1303,286],"class_list":{"0":"post-23071","1":"product","2":"type-product","3":"status-publish","4":"has-post-thumbnail","6":"product_brand-mes-pochoirs","7":"product_cat-pochoirs-icones-celebrites","8":"product_cat-pochoirs-portraits-visages","9":"product_cat-pochoirs-street-art","10":"product_tag-activisme","11":"product_tag-che","12":"product_tag-combat","13":"product_tag-contestation","14":"product_tag-cuba","15":"product_tag-engagement","16":"product_tag-guevara","17":"product_tag-heros","18":"product_tag-historique","19":"product_tag-icone","20":"product_tag-idealisme","21":"product_tag-liberte","22":"product_tag-militant","23":"product_tag-politique","24":"product_tag-portrait","25":"product_tag-rebelle","26":"product_tag-resistance","27":"product_tag-revolution","28":"product_tag-revolutionnaire","29":"product_tag-socialisme","30":"product_tag-street-art","31":"product_tag-symbole","32":"product_tag-taille-xxl","33":"product_tag-urbain","35":"first","36":"instock","37":"taxable","38":"shipping-taxable","39":"purchasable","40":"product-type-variable","41":"entry","42":"content-bg","43":"loop-entry"},"taxonomy_info":{"product_brand":[{"value":1415,"label":"Mes Pochoirs"}],"product_cat":[{"value":732,"label":"Ic\u00f4nes &amp; C\u00e9l\u00e9brit\u00e9s"},{"value":36,"label":"Portraits &amp; Visages"},{"value":328,"label":"Street Art"}],"product_tag":[{"value":1226,"label":"activisme"},{"value":1216,"label":"Che"},{"value":1219,"label":"combat"},{"value":1070,"label":"contestation"},{"value":1222,"label":"Cuba"},{"value":1223,"label":"engagement"},{"value":1217,"label":"Guevara"},{"value":891,"label":"h\u00e9ros"},{"value":1221,"label":"historique"},{"value":471,"label":"icone"},{"value":1220,"label":"id\u00e9alisme"},{"value":1064,"label":"Libert\u00e9"},{"value":1109,"label":"militant"},{"value":1051,"label":"Politique"},{"value":390,"label":"portrait"},{"value":834,"label":"rebelle"},{"value":1048,"label":"R\u00e9sistance"},{"value":1215,"label":"r\u00e9volution"},{"value":1104,"label":"r\u00e9volutionnaire"},{"value":1218,"label":"socialisme"},{"value":327,"label":"street art"},{"value":324,"label":"symbole"},{"value":1303,"label":"taille XXL"},{"value":286,"label":"urbain"}]},"featured_image_src_large":["https:\/\/mes-pochoirs.com\/wp-content\/uploads\/2025\/04\/IC0007-pochoir-che-guevara-copyright-mes-pochoirs-858x1030.jpg",858,1030,true],"author_info":[],"comment_info":0,"_links":{"self":[{"href":"https:\/\/mes-pochoirs.com\/nl\/wp-json\/wp\/v2\/product\/23071","targetHints":{"allow":["GET"]}}],"collection":[{"href":"https:\/\/mes-pochoirs.com\/nl\/wp-json\/wp\/v2\/product"}],"about":[{"href":"https:\/\/mes-pochoirs.com\/nl\/wp-json\/wp\/v2\/types\/product"}],"replies":[{"embeddable":true,"href":"https:\/\/mes-pochoirs.com\/nl\/wp-json\/wp\/v2\/comments?post=23071"}],"wp:featuredmedia":[{"embeddable":true,"href":"https:\/\/mes-pochoirs.com\/nl\/wp-json\/wp\/v2\/media\/23114"}],"wp:attachment":[{"href":"https:\/\/mes-pochoirs.com\/nl\/wp-json\/wp\/v2\/media?parent=23071"}],"wp:term":[{"taxonomy":"product_brand","embeddable":true,"href":"https:\/\/mes-pochoirs.com\/nl\/wp-json\/wp\/v2\/product_brand?post=23071"},{"taxonomy":"product_cat","embeddable":true,"href":"https:\/\/mes-pochoirs.com\/nl\/wp-json\/wp\/v2\/product_cat?post=23071"},{"taxonomy":"product_tag","embeddable":true,"href":"https:\/\/mes-pochoirs.com\/nl\/wp-json\/wp\/v2\/product_tag?post=23071"}],"curies":[{"name":"wp","href":"https:\/\/api.w.org\/{rel}","templated":true}]}}