{"id":25846,"date":"2025-05-15T09:36:45","date_gmt":"2025-05-15T07:36:45","guid":{"rendered":"https:\/\/mes-pochoirs.com\/?post_type=product&#038;p=25846"},"modified":"2025-10-31T12:37:30","modified_gmt":"2025-10-31T11:37:30","slug":"stencil-gezicht-indiaans-opperhoofd-fas001","status":"publish","type":"product","link":"https:\/\/mes-pochoirs.com\/nl\/produit\/pochoir-visage-chef-indien-fas001","title":{"rendered":"Indianenopperhoofd gezicht sjabloon - FAS001"},"content":{"rendered":"<h2>Indianenhoofd gezicht sjabloon<\/h2>\n<h3>Een stille maar krachtige aanwezigheid<\/h3>\n<p><strong>Indianenhoofd gezicht sjabloon<\/strong>Dit model belichaamt de majesteit en innerlijke kracht van een indiaans opperhoofd. Het serieuze, gecentreerde gezicht, omringd door een rijk gedetailleerde gevederde hoofdtooi, roept een Indiaanse krijger op die doordrenkt is van wijsheid. Elke lijn lijkt een Indiaanse legende te fluisteren, een verhaal uit de diepste tijden, dat de steppen en heilige bossen van Noord-Amerika doorkruist. Dit Indiaanse gezicht, sto\u00efcijns en expressief tegelijk, vertelt een verhaal van verankering, van inheems erfgoed, van stille waardigheid. Het suggereert een etnische held, een oude beschermer van de clan, een emblematische figuur in de tribale kunst en de Indiaanse kunst. Hij lijkt de wacht te houden, een voorouderlijke boodschap met zich mee te dragen, klaar om tevoorschijn te komen op je muren, doeken of meubels, als het gezicht van een krijger die terugkeert uit het verleden om zijn stem te vinden.<\/p>\n<h3>Een levendige stijl om je creativiteit te vergroten<\/h3>\n<p><strong>Indianenhoofd gezicht sjabloon<\/strong>Het is ook een artistiek hulpmiddel met een sterke visuele impact. Dankzij het nauwkeurige lasersnijden en het gestructureerde ontwerp wordt dit stencil het ideale medium om al je creativiteit in Street Art-stijl of een andere schilderstijl uit te drukken. Elk gebruik verandert het oppervlak in een etnisch kunstwerk. Door dit sjabloon met het gezicht van een Indiaas opperhoofd aan je collectie toe te voegen, betreed je een visuele wereld vol symbolen en energie. Het past perfect bij creaties ge\u00efnspireerd door voorouderlijke, Indiaanse of moderne tribale kunst en zal zowel fans van Indiaanse kunst als urban design aanspreken. Dit stencil is veel meer dan een eenvoudig stuk gereedschap: het is een brug tussen culturen, een visuele schreeuw, een stil eerbetoon aan de inheemse volken van Noord-Amerika.<\/p>","protected":false},"excerpt":{"rendered":"<p><strong data-start=\"1171\" data-end=\"1201\">Indianenhoofd gezicht sjabloon<\/strong> ge\u00efnspireerd op Indiaanse kunst. Perfect voor muurschildering of canvas. Verkrijgbaar in verschillende maten.<\/p>","protected":false},"featured_media":25832,"comment_status":"open","ping_status":"closed","template":"","meta":{"bwfblock_default_font":"","_kad_blocks_custom_css":"","_kad_blocks_head_custom_js":"","_kad_blocks_body_custom_js":"","_kad_blocks_footer_custom_js":"","_kadence_starter_templates_imported_post":false,"_kad_post_transparent":"default","_kad_post_title":"","_kad_post_layout":"default","_kad_post_sidebar_id":"","_kad_post_content_style":"default","_kad_post_vertical_padding":"default","_kad_post_feature":"","_kad_post_feature_position":"","_kad_post_header":false,"_kad_post_footer":false,"_kad_post_classname":""},"product_brand":[1415],"product_cat":[1385,481,36,328],"product_tag":[1397,1181,1392,1391,1395,1390,1387,1386,1394,1172,1389,1168,1396,1388,1393],"class_list":{"0":"post-25846","1":"product","2":"type-product","3":"status-publish","4":"has-post-thumbnail","6":"product_brand-mes-pochoirs","7":"product_cat-feathers-and-silence","8":"product_cat-collections","9":"product_cat-pochoirs-portraits-visages","10":"product_cat-pochoirs-street-art","11":"product_tag-amerique-du-nord","12":"product_tag-ancestral","13":"product_tag-art-amerindien","14":"product_tag-art-tribal","15":"product_tag-autochtone","16":"product_tag-autochtone-americain","17":"product_tag-chef-amerindien","18":"product_tag-chef-indien","19":"product_tag-coiffe-a-plumes","20":"product_tag-ethnique","21":"product_tag-guerrier-indien","22":"product_tag-indien","23":"product_tag-legende-amerindienne","24":"product_tag-visage-amerindien","25":"product_tag-visage-de-guerrier","27":"first","28":"instock","29":"taxable","30":"shipping-taxable","31":"purchasable","32":"product-type-variable","33":"has-default-attributes","34":"entry","35":"content-bg","36":"loop-entry"},"taxonomy_info":{"product_brand":[{"value":1415,"label":"Mes Pochoirs"}],"product_cat":[{"value":1385,"label":"Feathers and Silence"},{"value":481,"label":"Collections"},{"value":36,"label":"Portraits &amp; Visages"},{"value":328,"label":"Street Art"}],"product_tag":[{"value":1397,"label":"Am\u00e9rique du Nord"},{"value":1181,"label":"ancestral"},{"value":1392,"label":"art am\u00e9rindien"},{"value":1391,"label":"art tribal"},{"value":1395,"label":"autochtone"},{"value":1390,"label":"autochtone am\u00e9ricain"},{"value":1387,"label":"chef am\u00e9rindien"},{"value":1386,"label":"chef indien"},{"value":1394,"label":"coiffe \u00e0 plumes"},{"value":1172,"label":"ethnique"},{"value":1389,"label":"guerrier indien"},{"value":1168,"label":"indien"},{"value":1396,"label":"l\u00e9gende am\u00e9rindienne"},{"value":1388,"label":"visage am\u00e9rindien"},{"value":1393,"label":"visage de guerrier"}]},"featured_image_src_large":["https:\/\/mes-pochoirs.com\/wp-content\/uploads\/2025\/05\/FAS001-pochoir-collection-feathers-and-silence-copyright-mes-pochoirs-858x1030.jpg",858,1030,true],"author_info":[],"comment_info":0,"_links":{"self":[{"href":"https:\/\/mes-pochoirs.com\/nl\/wp-json\/wp\/v2\/product\/25846","targetHints":{"allow":["GET"]}}],"collection":[{"href":"https:\/\/mes-pochoirs.com\/nl\/wp-json\/wp\/v2\/product"}],"about":[{"href":"https:\/\/mes-pochoirs.com\/nl\/wp-json\/wp\/v2\/types\/product"}],"replies":[{"embeddable":true,"href":"https:\/\/mes-pochoirs.com\/nl\/wp-json\/wp\/v2\/comments?post=25846"}],"wp:featuredmedia":[{"embeddable":true,"href":"https:\/\/mes-pochoirs.com\/nl\/wp-json\/wp\/v2\/media\/25832"}],"wp:attachment":[{"href":"https:\/\/mes-pochoirs.com\/nl\/wp-json\/wp\/v2\/media?parent=25846"}],"wp:term":[{"taxonomy":"product_brand","embeddable":true,"href":"https:\/\/mes-pochoirs.com\/nl\/wp-json\/wp\/v2\/product_brand?post=25846"},{"taxonomy":"product_cat","embeddable":true,"href":"https:\/\/mes-pochoirs.com\/nl\/wp-json\/wp\/v2\/product_cat?post=25846"},{"taxonomy":"product_tag","embeddable":true,"href":"https:\/\/mes-pochoirs.com\/nl\/wp-json\/wp\/v2\/product_tag?post=25846"}],"curies":[{"name":"wp","href":"https:\/\/api.w.org\/{rel}","templated":true}]}}