{"id":27660,"date":"2025-07-17T16:02:12","date_gmt":"2025-07-17T14:02:12","guid":{"rendered":"https:\/\/mes-pochoirs.com\/?post_type=product&#038;p=27660"},"modified":"2025-10-31T12:41:11","modified_gmt":"2025-10-31T11:41:11","slug":"stencil-ridder-glorieuze-eed-fl0003","status":"publish","type":"product","link":"https:\/\/mes-pochoirs.com\/nl\/produit\/pochoir-chevalier-serment-glorieux-fl0003","title":{"rendered":"Ridder van de Glorieuze Eed sjabloon - FL0003"},"content":{"rendered":"<h2>\ud83d\udee1\ufe0fPochoir Chevalier Serment Glorieux<\/h2>\n<p>Deze <strong>Stencil Ridder Glorieuze Eed<\/strong> illustreert een imposante en majestueuze figuur, staand met kalme autoriteit. De ridder, die zijn zwaard stevig op de grond gericht houdt, belichaamt de loyaliteit, discipline en grootsheid van ziel van middeleeuwse helden. De vloeiende beweging van de cape en pluim in de wind contrasteert met de bewuste onbeweeglijkheid van het personage, waardoor de plechtigheid van het moment wordt benadrukt.<\/p>\n<p>Elk detail van het harnas, van de versieringen tot de strakke lijnen van de helm, suggereert een oude erecode. Dit beeld doet denken aan een moment van stilte voor de strijd, een belofte aan een koninkrijk of een hoger doel. Het kan een bewaker, een gids of een symbool van onwrikbare toewijding voorstellen.<\/p>\n<p>Dit model is ge\u00efnspireerd door de middeleeuwse wereld en ridderepossen en is bedoeld voor kunstenaars en ontwerpers die op zoek zijn naar sterke symbolen. Het silhouet van de glorieuze ridder vindt natuurlijk zijn plaats in projecten die moed, geloof, herinnering of legende oproepen. Dankzij de sterke esthetiek en het expressieve ontwerp past het harmonieus in verhalende, emblematische of fantastische composities.<\/p>\n<p>Deze ridder zwaait niet gewelddadig met zijn zwaard, maar met de kalme zekerheid van iemand die een ideaal verdedigt. Hij belichaamt de elegantie van een gebaar, zelfbeheersing en de nobele autoriteit van iemand die respect afdwingt. Perfect om een mythische, tijdloze sfeer te geven aan elke creatie waarin heldendom en loyaliteit centraal staan.<\/p>","protected":false},"excerpt":{"rendered":"<p><strong>Stencil Ridder Glorieuze Eed<\/strong> Ideaal voor fresco's of middeleeuwse werken. Herbruikbaar, omkeerbaar en in verschillende formaten.<\/p>","protected":false},"featured_media":27758,"comment_status":"open","ping_status":"closed","template":"","meta":{"bwfblock_default_font":"","_kad_blocks_custom_css":"","_kad_blocks_head_custom_js":"","_kad_blocks_body_custom_js":"","_kad_blocks_footer_custom_js":"","_kadence_starter_templates_imported_post":false,"_kad_post_transparent":"default","_kad_post_title":"","_kad_post_layout":"default","_kad_post_sidebar_id":"","_kad_post_content_style":"default","_kad_post_vertical_padding":"default","_kad_post_feature":"","_kad_post_feature_position":"","_kad_post_header":false,"_kad_post_footer":false,"_kad_post_classname":""},"product_brand":[1415],"product_cat":[1532],"product_tag":[1534,1538,1533,1219,1537,1536,1617,1180,1535,1542,891,1618,1541,962,1539,1540],"class_list":{"0":"post-27660","1":"product","2":"type-product","3":"status-publish","4":"has-post-thumbnail","6":"product_brand-mes-pochoirs","7":"product_cat-pochoirs-fantastiques-et-legendaires","8":"product_tag-armure-medievale","9":"product_tag-art-medieval","10":"product_tag-chevalier","11":"product_tag-combat","12":"product_tag-croisade","13":"product_tag-epee","14":"product_tag-fantastique","15":"product_tag-guerrier","16":"product_tag-guerrier-epique","17":"product_tag-guerrier-mystique","18":"product_tag-heros","19":"product_tag-legendaire","20":"product_tag-legende-medievale","21":"product_tag-medieval","22":"product_tag-style-epique","23":"product_tag-univers-heroique","25":"first","26":"instock","27":"taxable","28":"shipping-taxable","29":"purchasable","30":"product-type-variable","31":"entry","32":"content-bg","33":"loop-entry"},"taxonomy_info":{"product_brand":[{"value":1415,"label":"Mes Pochoirs"}],"product_cat":[{"value":1532,"label":"Fantastiques &amp; L\u00e9gendaires"}],"product_tag":[{"value":1534,"label":"armure m\u00e9di\u00e9vale"},{"value":1538,"label":"art m\u00e9di\u00e9val"},{"value":1533,"label":"chevalier"},{"value":1219,"label":"combat"},{"value":1537,"label":"croisade"},{"value":1536,"label":"\u00e9p\u00e9e"},{"value":1617,"label":"fantastique"},{"value":1180,"label":"guerrier"},{"value":1535,"label":"guerrier \u00e9pique"},{"value":1542,"label":"guerrier mystique"},{"value":891,"label":"h\u00e9ros"},{"value":1618,"label":"l\u00e9gendaire"},{"value":1541,"label":"l\u00e9gende m\u00e9di\u00e9vale"},{"value":962,"label":"m\u00e9di\u00e9val"},{"value":1539,"label":"style \u00e9pique"},{"value":1540,"label":"univers h\u00e9ro\u00efque"}]},"featured_image_src_large":["https:\/\/mes-pochoirs.com\/wp-content\/uploads\/2025\/07\/FL0003-pochoir-chevalier-copyright-mes-pochoirs-858x1030.jpg",858,1030,true],"author_info":[],"comment_info":0,"_links":{"self":[{"href":"https:\/\/mes-pochoirs.com\/nl\/wp-json\/wp\/v2\/product\/27660","targetHints":{"allow":["GET"]}}],"collection":[{"href":"https:\/\/mes-pochoirs.com\/nl\/wp-json\/wp\/v2\/product"}],"about":[{"href":"https:\/\/mes-pochoirs.com\/nl\/wp-json\/wp\/v2\/types\/product"}],"replies":[{"embeddable":true,"href":"https:\/\/mes-pochoirs.com\/nl\/wp-json\/wp\/v2\/comments?post=27660"}],"wp:featuredmedia":[{"embeddable":true,"href":"https:\/\/mes-pochoirs.com\/nl\/wp-json\/wp\/v2\/media\/27758"}],"wp:attachment":[{"href":"https:\/\/mes-pochoirs.com\/nl\/wp-json\/wp\/v2\/media?parent=27660"}],"wp:term":[{"taxonomy":"product_brand","embeddable":true,"href":"https:\/\/mes-pochoirs.com\/nl\/wp-json\/wp\/v2\/product_brand?post=27660"},{"taxonomy":"product_cat","embeddable":true,"href":"https:\/\/mes-pochoirs.com\/nl\/wp-json\/wp\/v2\/product_cat?post=27660"},{"taxonomy":"product_tag","embeddable":true,"href":"https:\/\/mes-pochoirs.com\/nl\/wp-json\/wp\/v2\/product_tag?post=27660"}],"curies":[{"name":"wp","href":"https:\/\/api.w.org\/{rel}","templated":true}]}}