{"id":28764,"date":"2025-10-30T12:08:58","date_gmt":"2025-10-30T11:08:58","guid":{"rendered":"https:\/\/mes-pochoirs.com\/?post_type=product&#038;p=28764"},"modified":"2025-11-10T23:29:28","modified_gmt":"2025-11-10T22:29:28","slug":"stencil-auto-volkswagen-kever-um0023","status":"publish","type":"product","link":"https:\/\/mes-pochoirs.com\/nl\/produit\/pochoir-voiture-volkswagen-coccinelle-um0023","title":{"rendered":"Volkswagen Kever Auto Sjabloon - UM0023"},"content":{"rendered":"<h2>Volkswagen Kever Auto Sjabloon<\/h2>\n<p>Deze <strong>Volkswagen Kever auto sjabloon<\/strong> staat voor een iconische auto met een direct herkenbaar silhouet: een vintage Volkswagen Kever, waarschijnlijk uit de jaren 1960 of begin 1970. Zijn ronde ontwerp, gewelfde vleugels, prominente koplampen en aflopende motorkap geven hem een retro, vertederende en tijdloze look. Het standpunt dat voor deze compositie is gekozen, toont de auto enigszins laag en diagonaal, waardoor zijn aanwezigheid wordt geaccentueerd, alsof hij trots op de kijker afkomt.<\/p>\n<p>De visuele stijl van het sjabloon is rauw, energiek en resoluut stedelijk. De strakke contouren van de carrosserie contrasteren met opzettelijk onvolledige of \u00abbekraste\u00bb gebieden, die een levendige textuur en een gevoel van beweging toevoegen. Er zijn ook spatten en spetters aan de onderkant van het voertuig, die doen denken aan de inkt en verfdruppels die typisch zijn voor straatkunst. Dit detail geeft de indruk dat de auto uit een muur ontspruit, als een muurschildering in de stad.<\/p>\n<p>Het tentoongestelde model is verlaagd, met goed gemarkeerde wielen en een stoel die visueel sportiever is dan het origineel. Het hele effect roept een moderne interpretatie op van een oud voertuig, een fusie van mechanisch erfgoed en hedendaagse artistieke expressie. Het is deze spanning tussen nostalgie en moderniteit die het sjabloon zo expressief maakt.<\/p>\n<p>Dit ontwerp zal liefhebbers van klassieke auto's en muurkunst aanspreken, maar ook degenen die een vleugje retro aan hun creaties willen toevoegen met behoud van een jeugdige, levendige energie. Het kan worden ge\u00efntegreerd in een grotere compositie, gebruikt in series, over elkaar heen of in groot formaat, op canvas, muur, meubels of textiel.<\/p>\n<p>Met zijn eenvoudige maar iconische vorm wordt de Kever veel meer dan een auto: het wordt een symbool van vrijheid, reizen, optimisme en zelfs humor. Deze <strong>Volkswagen Kever auto sjabloon<\/strong> is de perfecte belichaming van de geest van artistieke verduistering, waarbij een populair alledaags voorwerp een expressief kunstwerk wordt dat oneindig kan worden aangepast wat betreft de gebruikte materialen en media.<\/p>","protected":false},"excerpt":{"rendered":"<p>Een tijdloos symbool van vrijheid en retrostijl, de <strong>Volkswagen Kever auto sjabloon<\/strong> vangt de unieke charme van de beroemde iconische auto. Ideaal voor fans van vintage design, originele muurdecoratie of op popcultuur ge\u00efnspireerde creaties. Knipt netjes en geeft perfect weer op elk oppervlak.<\/p>","protected":false},"featured_media":29215,"comment_status":"open","ping_status":"closed","template":"","meta":{"bwfblock_default_font":"","_kad_blocks_custom_css":"","_kad_blocks_head_custom_js":"","_kad_blocks_body_custom_js":"","_kad_blocks_footer_custom_js":"","_kadence_starter_templates_imported_post":false,"_kad_post_transparent":"default","_kad_post_title":"","_kad_post_layout":"default","_kad_post_sidebar_id":"","_kad_post_content_style":"default","_kad_post_vertical_padding":"default","_kad_post_feature":"","_kad_post_feature_position":"","_kad_post_header":false,"_kad_post_footer":false,"_kad_post_classname":""},"product_brand":[1415],"product_cat":[1713,971],"product_tag":[1653,1650,525,1657,1663,813,1652,1654,1648,1662],"class_list":{"0":"post-28764","1":"product","2":"type-product","3":"status-publish","4":"has-post-thumbnail","6":"product_brand-mes-pochoirs","7":"product_cat-pochoirs-voitures","8":"product_cat-pochoirs-univers-mecanique","9":"product_tag-art-retro","10":"product_tag-berline-ancienne","11":"product_tag-retro","12":"product_tag-style-annees-60","13":"product_tag-style-annees-60-70","14":"product_tag-voiture","15":"product_tag-voiture-ancienne","16":"product_tag-voiture-de-collection","17":"product_tag-voiture-vintage","18":"product_tag-volkswagen-coccinelle","20":"first","21":"instock","22":"taxable","23":"shipping-taxable","24":"purchasable","25":"product-type-variable","26":"entry","27":"content-bg","28":"loop-entry"},"taxonomy_info":{"product_brand":[{"value":1415,"label":"Mes Pochoirs"}],"product_cat":[{"value":1713,"label":"Voitures"},{"value":971,"label":"Univers M\u00e9canique"}],"product_tag":[{"value":1653,"label":"art r\u00e9tro"},{"value":1650,"label":"berline ancienne"},{"value":525,"label":"r\u00e9tro"},{"value":1657,"label":"style ann\u00e9es 60"},{"value":1663,"label":"style ann\u00e9es 60 70"},{"value":813,"label":"voiture"},{"value":1652,"label":"voiture ancienne"},{"value":1654,"label":"voiture de collection"},{"value":1648,"label":"voiture vintage"},{"value":1662,"label":"Volkswagen Coccinelle"}]},"featured_image_src_large":["https:\/\/mes-pochoirs.com\/wp-content\/uploads\/2025\/08\/UM0023-pochoir-voiture-copyright-mes-pochoirs-858x1030.jpg",858,1030,true],"author_info":[],"comment_info":0,"_links":{"self":[{"href":"https:\/\/mes-pochoirs.com\/nl\/wp-json\/wp\/v2\/product\/28764","targetHints":{"allow":["GET"]}}],"collection":[{"href":"https:\/\/mes-pochoirs.com\/nl\/wp-json\/wp\/v2\/product"}],"about":[{"href":"https:\/\/mes-pochoirs.com\/nl\/wp-json\/wp\/v2\/types\/product"}],"replies":[{"embeddable":true,"href":"https:\/\/mes-pochoirs.com\/nl\/wp-json\/wp\/v2\/comments?post=28764"}],"wp:featuredmedia":[{"embeddable":true,"href":"https:\/\/mes-pochoirs.com\/nl\/wp-json\/wp\/v2\/media\/29215"}],"wp:attachment":[{"href":"https:\/\/mes-pochoirs.com\/nl\/wp-json\/wp\/v2\/media?parent=28764"}],"wp:term":[{"taxonomy":"product_brand","embeddable":true,"href":"https:\/\/mes-pochoirs.com\/nl\/wp-json\/wp\/v2\/product_brand?post=28764"},{"taxonomy":"product_cat","embeddable":true,"href":"https:\/\/mes-pochoirs.com\/nl\/wp-json\/wp\/v2\/product_cat?post=28764"},{"taxonomy":"product_tag","embeddable":true,"href":"https:\/\/mes-pochoirs.com\/nl\/wp-json\/wp\/v2\/product_tag?post=28764"}],"curies":[{"name":"wp","href":"https:\/\/api.w.org\/{rel}","templated":true}]}}