{"id":28827,"date":"2025-09-11T11:31:49","date_gmt":"2025-09-11T09:31:49","guid":{"rendered":"https:\/\/mes-pochoirs.com\/?post_type=product&#038;p=28827"},"modified":"2025-10-31T12:42:17","modified_gmt":"2025-10-31T11:42:17","slug":"portretstencil-zeus-ic0010","status":"publish","type":"product","link":"https:\/\/mes-pochoirs.com\/nl\/produit\/pochoir-portrait-zeus-ic0010","title":{"rendered":"Stencil portret van Zeus met zonnebril - IC0010"},"content":{"rendered":"<h2>Zeus Portret Stencil<\/h2>\n<p>Deze<strong> sjabloon<\/strong> <strong>portret Zeus<\/strong> belichaamt een resoluut moderne visie op een fundamentele mythe. Door middel van een opvallend, gestileerd portret van Zeus, de hoogste figuur uit de Griekse mythologie, biedt dit model in Street Art\/Pop Art-stijl een krachtige, onverwachte herinterpretatie van een tijdloos symbool. Ver van de klassieke iconografie komt de god van Olympus hier tot leven in een resoluut stedelijk visueel universum.<\/p>\n<p>De trotse houding, de overvloedige, zorgvuldig gedetailleerde baard en het dynamische haar geven een indruk van stille kracht. De toevoeging van een zonnebril met hedendaags montuur voegt een eigenzinnig tintje toe en cre\u00ebert een gedurfd visueel contrast tussen eeuwenoud erfgoed en hedendaagse grafische expressie. Dit unieke detail transformeert de goddelijke figuur in een waar stijlicoon, op het kruispunt van mythologische majesteit en popcultuur.<\/p>\n<p>Het ontwerp van deze <strong>sjabloon<\/strong> <strong>portret Zeus<\/strong>\u00a0is ontworpen voor kunstenaars en ontwerpers die op zoek zijn naar visueel krachtige projecten. De precieze snit zorgt ervoor dat elke ronding en elk reli\u00ebf duidelijk wordt weergegeven, terwijl de technische structuur zorgt voor een uitstekende houvast tijdens het aanbrengen. De steunbruggen zijn discreet en goed geplaatst, waardoor een harmonieus resultaat op verschillende oppervlakken wordt gegarandeerd.<\/p>\n<p>Veelzijdig, deze <strong>sjabloon<\/strong> <strong>portret Zeus<\/strong> is geschikt voor zowel grootschalige werken als meer intieme projecten. Het kan worden gebruikt op een schildersdoek, een ruwe muur of een meubelstuk. Of het nu voor straatkunst, pop-art, maatwerk of vrije picturale expressie is, het wordt een creatief hulpmiddel dat even impactvol als esthetisch aangenaam is.<\/p>\n<p>Dit gestileerde portret van een Griekse God zal iedereen aanspreken die geschiedenis, symboliek en grafische humor wil combineren in een eigentijds werk. Het geeft een oud figuur nieuw leven door het om te zetten in een hedendaagse beeldtaal, terwijl het speelt met codes en contrasten.<\/p>\n<p>Dit ontwerp is verkrijgbaar in verschillende maten, herbruikbaar en duurzaam en is perfect voor liefhebbers van schilderen, muurkunst of originele artistieke composities. Het is niet zomaar een motief, maar een startpunt voor een rijk, assertief visueel verhaal.<\/p>","protected":false},"excerpt":{"rendered":"<p data-start=\"271\" data-end=\"733\"><strong>Zeus Portret Stencil<\/strong> voor schilderen of krijtbord, herbruikbaar, omkeerbaar, hoge kwaliteit, verkrijgbaar in verschillende maten.<\/p>","protected":false},"featured_media":29217,"comment_status":"open","ping_status":"closed","template":"","meta":{"bwfblock_default_font":"","_kad_blocks_custom_css":"","_kad_blocks_head_custom_js":"","_kad_blocks_body_custom_js":"","_kad_blocks_footer_custom_js":"","_kadence_starter_templates_imported_post":false,"_kad_post_transparent":"default","_kad_post_title":"","_kad_post_layout":"default","_kad_post_sidebar_id":"","_kad_post_content_style":"default","_kad_post_vertical_padding":"default","_kad_post_feature":"","_kad_post_feature_position":"","_kad_post_header":false,"_kad_post_footer":false,"_kad_post_classname":""},"product_brand":[1415],"product_cat":[732,332,36,328],"product_tag":[322,1091,1736,1668,557,1737,1670,360,1716,1679,390,1671,1677,1684],"class_list":{"0":"post-28827","1":"product","2":"type-product","3":"status-publish","4":"has-post-thumbnail","6":"product_brand-mes-pochoirs","7":"product_cat-pochoirs-icones-celebrites","8":"product_cat-pochoirs-pop-art","9":"product_cat-pochoirs-portraits-visages","10":"product_cat-pochoirs-street-art","11":"product_tag-cool","12":"product_tag-decale","13":"product_tag-dieu","14":"product_tag-dieu-grec","15":"product_tag-fun","16":"product_tag-grec","17":"product_tag-hipster","18":"product_tag-lunettes-de-soleil","19":"product_tag-mythologie","20":"product_tag-mythologie-revisitee","21":"product_tag-portrait","22":"product_tag-portrait-mythologique","23":"product_tag-sculpture-grecque","24":"product_tag-zeus","26":"first","27":"instock","28":"taxable","29":"shipping-taxable","30":"purchasable","31":"product-type-variable","32":"entry","33":"content-bg","34":"loop-entry"},"taxonomy_info":{"product_brand":[{"value":1415,"label":"Mes Pochoirs"}],"product_cat":[{"value":732,"label":"Ic\u00f4nes &amp; C\u00e9l\u00e9brit\u00e9s"},{"value":332,"label":"Pop Art"},{"value":36,"label":"Portraits &amp; Visages"},{"value":328,"label":"Street Art"}],"product_tag":[{"value":322,"label":"cool"},{"value":1091,"label":"d\u00e9cal\u00e9"},{"value":1736,"label":"dieu"},{"value":1668,"label":"Dieu grec"},{"value":557,"label":"Fun"},{"value":1737,"label":"grec"},{"value":1670,"label":"hipster"},{"value":360,"label":"lunettes de soleil"},{"value":1716,"label":"mythologie"},{"value":1679,"label":"mythologie revisit\u00e9e"},{"value":390,"label":"portrait"},{"value":1671,"label":"portrait mythologique"},{"value":1677,"label":"sculpture grecque"},{"value":1684,"label":"zeus"}]},"featured_image_src_large":["https:\/\/mes-pochoirs.com\/wp-content\/uploads\/2025\/08\/IC0010-pochoir-portrait-dieu-grec-copyright-mes-pochoirs-858x1030.jpg",858,1030,true],"author_info":[],"comment_info":0,"_links":{"self":[{"href":"https:\/\/mes-pochoirs.com\/nl\/wp-json\/wp\/v2\/product\/28827","targetHints":{"allow":["GET"]}}],"collection":[{"href":"https:\/\/mes-pochoirs.com\/nl\/wp-json\/wp\/v2\/product"}],"about":[{"href":"https:\/\/mes-pochoirs.com\/nl\/wp-json\/wp\/v2\/types\/product"}],"replies":[{"embeddable":true,"href":"https:\/\/mes-pochoirs.com\/nl\/wp-json\/wp\/v2\/comments?post=28827"}],"wp:featuredmedia":[{"embeddable":true,"href":"https:\/\/mes-pochoirs.com\/nl\/wp-json\/wp\/v2\/media\/29217"}],"wp:attachment":[{"href":"https:\/\/mes-pochoirs.com\/nl\/wp-json\/wp\/v2\/media?parent=28827"}],"wp:term":[{"taxonomy":"product_brand","embeddable":true,"href":"https:\/\/mes-pochoirs.com\/nl\/wp-json\/wp\/v2\/product_brand?post=28827"},{"taxonomy":"product_cat","embeddable":true,"href":"https:\/\/mes-pochoirs.com\/nl\/wp-json\/wp\/v2\/product_cat?post=28827"},{"taxonomy":"product_tag","embeddable":true,"href":"https:\/\/mes-pochoirs.com\/nl\/wp-json\/wp\/v2\/product_tag?post=28827"}],"curies":[{"name":"wp","href":"https:\/\/api.w.org\/{rel}","templated":true}]}}