{"id":29795,"date":"2025-09-19T13:53:57","date_gmt":"2025-09-19T11:53:57","guid":{"rendered":"https:\/\/mes-pochoirs.com\/?post_type=product&#038;p=29795"},"modified":"2025-10-31T12:43:21","modified_gmt":"2025-10-31T11:43:21","slug":"graffiti-fun-stencil-t0042","status":"publish","type":"product","link":"https:\/\/mes-pochoirs.com\/nl\/produit\/pochoir-graffiti-fun-t0042","title":{"rendered":"FUN\" Wildstyle Graffiti Stencil - Schaduw contour - T0042"},"content":{"rendered":"<h2>Graffiti Fun Stencil<\/h2>\n<p>Le <strong>Graffiti Fun Stencil<\/strong> belichaamt de spontaniteit en vitaliteit van street art. Het is ge\u00efnspireerd door de wildstyle en heeft gewaagde, dynamische letters waar lijnen elkaar kruisen, uitrekken en verstrengelen om een levendige visuele compositie te vormen. Dit stencil brengt zowel de energie van de straat als de speelse geest van het woord \"FUN\" over, getransformeerd in een waar stadskunstwerk.<\/p>\n<p>De contouren zijn zorgvuldig bewerkt, waardoor de letters een solide structuur krijgen en toch het effect van beweging en vrijheid behouden dat graffiti kenmerkt. Elke streek helpt de algehele dynamiek te versterken en leidt het oog door dit labyrint van expressieve vormen. Deze contouren cre\u00ebren een visueel ritme dat doet denken aan de stadsfresco's die graffitikunstenaars uit de vrije hand op de muren van grote steden maken.<\/p>\n<p>Schaduwen spelen een essenti\u00eble rol in deze compositie. Ze cre\u00ebren een effect van diepte en reli\u00ebf dat de letters een driedimensionaal uiterlijk geeft. Dankzij dit schaduwspel lijkt het woord \"FUN\" uit het oppervlak te komen, alsof het trilt onder de creatieve energie die het gevormd heeft. Dit effect accentueert de visuele impact van de sjabloon en versterkt het expressieve karakter ervan.<\/p>\n<p>Dit stencil is meer dan alleen een decoratief motief. Het is een echt creatief hulpmiddel waarmee kunstenaars en liefhebbers van street art de intensiteit en rauwe esthetiek van wildstyle graffiti kunnen reproduceren. Gebruikt op een muur, canvas, meubelstuk of elk ander oppervlak, cre\u00ebert het een sterke, eigentijdse identiteit, trouw aan de codes van street art.<\/p>\n<p>In een notendop, <strong>Graffiti Fun Stencil<\/strong> is een uitnodiging om je creativiteit de vrije loop te laten. Hij belichaamt de vrijheid, energie en feestelijke geest van graffiti en maakt van elke creatie een werk dat wordt gekenmerkt door beweging, contouren en schaduw.<\/p>","protected":false},"excerpt":{"rendered":"<p>Voeg een vleugje plezier en creativiteit toe met de <strong>FUN graffiti stencil<\/strong> ! De vrolijke freestyle belettering brengt energie en originaliteit in je street art projecten.<\/p>","protected":false},"featured_media":30085,"comment_status":"open","ping_status":"closed","template":"","meta":{"bwfblock_default_font":"","_kad_blocks_custom_css":"","_kad_blocks_head_custom_js":"","_kad_blocks_body_custom_js":"","_kad_blocks_footer_custom_js":"","_kadence_starter_templates_imported_post":false,"_kad_post_transparent":"default","_kad_post_title":"","_kad_post_layout":"default","_kad_post_sidebar_id":"","_kad_post_content_style":"default","_kad_post_vertical_padding":"default","_kad_post_feature":"","_kad_post_feature_position":"","_kad_post_header":false,"_kad_post_footer":false,"_kad_post_classname":""},"product_brand":[1415],"product_cat":[1738,541,284,328,316,515,516,273],"product_tag":[1742,557,1106,285,275,577,1743,1741,327,1739,287,295,286,1740],"class_list":{"0":"post-29795","1":"product","2":"type-product","3":"status-publish","4":"has-post-thumbnail","6":"product_brand-mes-pochoirs","7":"product_cat-pochoirs-style-graffiti-wildstyle","8":"product_cat-pochoirs-mot-fun","9":"product_cat-pochoirs-graffitis","10":"product_cat-pochoirs-street-art","11":"product_cat-pochoirs-textes-et-messages","12":"product_cat-tri-par-mots","13":"product_cat-tri-par-styles","14":"product_cat-pochoirs-urbains","15":"product_tag-contour","16":"product_tag-fun","17":"product_tag-graffeur","18":"product_tag-graffiti","19":"product_tag-message","20":"product_tag-mot","21":"product_tag-ombre","22":"product_tag-signature","23":"product_tag-street-art","24":"product_tag-style-decriture","25":"product_tag-tag","26":"product_tag-texte","27":"product_tag-urbain","28":"product_tag-wildstyle","30":"first","31":"instock","32":"taxable","33":"shipping-taxable","34":"purchasable","35":"product-type-variable","36":"has-default-attributes","37":"entry","38":"content-bg","39":"loop-entry"},"taxonomy_info":{"product_brand":[{"value":1415,"label":"Mes Pochoirs"}],"product_cat":[{"value":1738,"label":"Graffiti Wildstyle"},{"value":541,"label":"Fun"},{"value":284,"label":"Graffitis"},{"value":328,"label":"Street Art"},{"value":316,"label":"Textes et Messages"},{"value":515,"label":"Tri par Mots"},{"value":516,"label":"Tri par Styles"},{"value":273,"label":"Urbains"}],"product_tag":[{"value":1742,"label":"contour"},{"value":557,"label":"Fun"},{"value":1106,"label":"graffeur"},{"value":285,"label":"graffiti"},{"value":275,"label":"message"},{"value":577,"label":"mot"},{"value":1743,"label":"ombre"},{"value":1741,"label":"signature"},{"value":327,"label":"street art"},{"value":1739,"label":"style d'\u00e9criture"},{"value":287,"label":"tag"},{"value":295,"label":"Texte"},{"value":286,"label":"urbain"},{"value":1740,"label":"Wildstyle"}]},"featured_image_src_large":["https:\/\/mes-pochoirs.com\/wp-content\/uploads\/2025\/09\/T0042-pochoir-graffiti-wildstyle-fun-copyright-mes-pochoirs-858x1030.jpg",858,1030,true],"author_info":[],"comment_info":0,"_links":{"self":[{"href":"https:\/\/mes-pochoirs.com\/nl\/wp-json\/wp\/v2\/product\/29795","targetHints":{"allow":["GET"]}}],"collection":[{"href":"https:\/\/mes-pochoirs.com\/nl\/wp-json\/wp\/v2\/product"}],"about":[{"href":"https:\/\/mes-pochoirs.com\/nl\/wp-json\/wp\/v2\/types\/product"}],"replies":[{"embeddable":true,"href":"https:\/\/mes-pochoirs.com\/nl\/wp-json\/wp\/v2\/comments?post=29795"}],"wp:featuredmedia":[{"embeddable":true,"href":"https:\/\/mes-pochoirs.com\/nl\/wp-json\/wp\/v2\/media\/30085"}],"wp:attachment":[{"href":"https:\/\/mes-pochoirs.com\/nl\/wp-json\/wp\/v2\/media?parent=29795"}],"wp:term":[{"taxonomy":"product_brand","embeddable":true,"href":"https:\/\/mes-pochoirs.com\/nl\/wp-json\/wp\/v2\/product_brand?post=29795"},{"taxonomy":"product_cat","embeddable":true,"href":"https:\/\/mes-pochoirs.com\/nl\/wp-json\/wp\/v2\/product_cat?post=29795"},{"taxonomy":"product_tag","embeddable":true,"href":"https:\/\/mes-pochoirs.com\/nl\/wp-json\/wp\/v2\/product_tag?post=29795"}],"curies":[{"name":"wp","href":"https:\/\/api.w.org\/{rel}","templated":true}]}}