{"id":33486,"date":"2026-01-29T14:08:49","date_gmt":"2026-01-29T13:08:49","guid":{"rendered":"https:\/\/mes-pochoirs.com\/?post_type=product&#038;p=33486"},"modified":"2026-02-09T00:55:50","modified_gmt":"2026-02-08T23:55:50","slug":"sjabloon-cherubijn","status":"publish","type":"product","link":"https:\/\/mes-pochoirs.com\/nl\/produit\/pochoir-cherubin","title":{"rendered":"sjabloon cherubijn"},"content":{"rendered":"<h2>sjabloon cherubijn<\/h2>\n<p>Le pochoir Ch\u00e9rubin capture la gr\u00e2ce et la douceur d&#8217;un ange en plein vol. Ce motif d\u00e9taill\u00e9 pr\u00e9sente un jeune ch\u00e9rubin avec des ailes \u00e9tendues, cr\u00e9ant une image qui impose une pr\u00e9sence sereine et bienveillante \u00e0 vos cr\u00e9ations.<\/p>\n<p>Utilis\u00e9 sur une toile, un mur ou tout autre support, ce pochoir se pr\u00eate \u00e0 de nombreuses compositions. Le design est suffisamment complexe pour \u00eatre le point focal d&#8217;une \u0153uvre, mais laisse aussi la libert\u00e9 d&#8217;incorporer des arri\u00e8re-plans vari\u00e9s qui enrichissent l&#8217;ensemble visuel.<\/p>\n<p>Voor kunstenaars die een spirituele dimensie aan hun werk willen geven, biedt dit sjabloon een gemakkelijke herbruikbaarheid en grote aanpasbaarheid. Of je nu acrylverf, inkten of spuitbussen gebruikt, dit sjabloon van professioneel materiaal begeleidt je in al je hemelse inspiraties.<\/p>","protected":false},"excerpt":{"rendered":"<p>Breng een hemelse sfeer in je kunstwerken met dit Cherubijn sjabloon. Perfect voor diverse artistieke ondergronden.<\/p>","protected":false},"featured_media":33502,"comment_status":"open","ping_status":"closed","template":"","meta":{"bwfblock_default_font":"","_kad_blocks_custom_css":"","_kad_blocks_head_custom_js":"","_kad_blocks_body_custom_js":"","_kad_blocks_footer_custom_js":"","_kadence_starter_templates_imported_post":false,"_kad_post_transparent":"default","_kad_post_title":"","_kad_post_layout":"default","_kad_post_sidebar_id":"","_kad_post_content_style":"default","_kad_post_vertical_padding":"default","_kad_post_feature":"","_kad_post_feature_position":"","_kad_post_header":false,"_kad_post_footer":false,"_kad_post_classname":""},"product_brand":[1415],"product_cat":[1532,315],"product_tag":[1288,1125,439,1969,1965,567,825,1973,467,983],"class_list":{"0":"post-33486","1":"product","2":"type-product","3":"status-publish","4":"has-post-thumbnail","6":"product_brand-mes-pochoirs","7":"product_cat-pochoirs-fantastiques-et-legendaires","8":"product_cat-pochoirs-symboles","9":"product_tag-ailes","10":"product_tag-ange","11":"product_tag-art","12":"product_tag-aureole","13":"product_tag-cherubin","14":"product_tag-decoration","15":"product_tag-enfant","16":"product_tag-gardien","17":"product_tag-peinture","18":"product_tag-religion","20":"first","21":"instock","22":"taxable","23":"shipping-taxable","24":"purchasable","25":"product-type-variable","26":"entry","27":"content-bg","28":"loop-entry"},"taxonomy_info":{"product_brand":[{"value":1415,"label":"Mes Pochoirs"}],"product_cat":[{"value":1532,"label":"Fantastiques &amp; L\u00e9gendaires"},{"value":315,"label":"Symboles"}],"product_tag":[{"value":1288,"label":"ailes"},{"value":1125,"label":"ange"},{"value":439,"label":"art"},{"value":1969,"label":"aur\u00e9ole"},{"value":1965,"label":"ch\u00e9rubin"},{"value":567,"label":"decoration"},{"value":825,"label":"enfant"},{"value":1973,"label":"gardien"},{"value":467,"label":"peinture"},{"value":983,"label":"religion"}]},"featured_image_src_large":["https:\/\/mes-pochoirs.com\/wp-content\/uploads\/2026\/01\/FL0016-pochoir-cherubin-copyright-mes-pochoirs-858x1030.jpg",858,1030,true],"author_info":[],"comment_info":0,"_links":{"self":[{"href":"https:\/\/mes-pochoirs.com\/nl\/wp-json\/wp\/v2\/product\/33486","targetHints":{"allow":["GET"]}}],"collection":[{"href":"https:\/\/mes-pochoirs.com\/nl\/wp-json\/wp\/v2\/product"}],"about":[{"href":"https:\/\/mes-pochoirs.com\/nl\/wp-json\/wp\/v2\/types\/product"}],"replies":[{"embeddable":true,"href":"https:\/\/mes-pochoirs.com\/nl\/wp-json\/wp\/v2\/comments?post=33486"}],"wp:featuredmedia":[{"embeddable":true,"href":"https:\/\/mes-pochoirs.com\/nl\/wp-json\/wp\/v2\/media\/33502"}],"wp:attachment":[{"href":"https:\/\/mes-pochoirs.com\/nl\/wp-json\/wp\/v2\/media?parent=33486"}],"wp:term":[{"taxonomy":"product_brand","embeddable":true,"href":"https:\/\/mes-pochoirs.com\/nl\/wp-json\/wp\/v2\/product_brand?post=33486"},{"taxonomy":"product_cat","embeddable":true,"href":"https:\/\/mes-pochoirs.com\/nl\/wp-json\/wp\/v2\/product_cat?post=33486"},{"taxonomy":"product_tag","embeddable":true,"href":"https:\/\/mes-pochoirs.com\/nl\/wp-json\/wp\/v2\/product_tag?post=33486"}],"curies":[{"name":"wp","href":"https:\/\/api.w.org\/{rel}","templated":true}]}}