{"id":4758,"date":"2022-07-27T07:58:05","date_gmt":"2022-07-27T07:58:05","guid":{"rendered":"https:\/\/mes-pochoirs.com\/?post_type=product&#038;p=4758"},"modified":"2025-10-31T11:42:27","modified_gmt":"2025-10-31T10:42:27","slug":"pochoir-briques-u0002","status":"publish","type":"product","link":"https:\/\/mes-pochoirs.com\/nl\/produit\/pochoir-briques-u0002","title":{"rendered":"Baksteenstencil - U0002"},"content":{"rendered":"<h2>Pochoir Briques<\/h2>\n<p><strong>Pochoir Briques<\/strong> vous permet de recr\u00e9er l\u2019aspect authentique d\u2019un mur en briques vieilli, patin\u00e9 par le temps. Avec son motif r\u00e9gulier mais subtilement us\u00e9, ce pochoir \u00e9voque les murs de briques des lofts industriels, des ruelles urbaines ou des sc\u00e8nes de street art. Il est id\u00e9al pour apporter un fond textur\u00e9 \u00e0 vos tableaux, meubles, murs ou objets d\u00e9co. Ce motif, \u00e0 la fois simple et fort, sugg\u00e8re la solidit\u00e9, le caract\u00e8re et l\u2019histoire.<\/p>\n<p>Gr\u00e2ce \u00e0 ce <strong>Pochoir Briques<\/strong>, vous pouvez transformer un simple support en une \u0153uvre qui semble charg\u00e9e de v\u00e9cu et d&#8217;authenticit\u00e9. Il est parfait pour cr\u00e9er des ambiances industrielles, vintage ou pour donner une touche urbaine \u00e0 vos projets de peinture ou de d\u00e9coration int\u00e9rieure. Facile \u00e0 utiliser, il s&#8217;adapte \u00e0 une grande vari\u00e9t\u00e9 de supports et vous permet de laisser libre cours \u00e0 votre imagination.<\/p>\n<h3>Un Style Industriel, Urbain et Polyvalent<\/h3>\n<p><strong>Pochoir Briques<\/strong> s\u2019inspire des codes esth\u00e9tiques du design industriel et du street art. Sa trame r\u00e9guli\u00e8re de briques d\u00e9structur\u00e9es offre un rendu visuel tr\u00e8s tendance, parfait pour les artistes en qu\u00eate de textures originales. Il s\u2019int\u00e8gre aussi bien dans un univers brut, style \u00ab loft new-yorkais \u00bb, que dans des projets cr\u00e9atifs plus modernes ou m\u00eame r\u00e9tro. Il peut servir de toile de fond pour des lettrages graffiti, des portraits fa\u00e7on Banksy ou des \u0153uvres plus abstraites.<\/p>\n<p>Deze <strong>Pochoir Briques<\/strong> est fabriqu\u00e9 en haute qualit\u00e9, r\u00e9utilisable et disponible en plusieurs tailles pour s\u2019adapter \u00e0 tous vos besoins cr\u00e9atifs. Il est un alli\u00e9 de choix pour les peintres, artistes, bricoleurs ou d\u00e9corateurs qui souhaitent donner \u00e0 leurs \u0153uvres un cachet unique et intemporel. Avec ce pochoir, chaque cr\u00e9ation devient un mur \u00e0 r\u00e9inventer, un espace d\u2019expression sans limites.<\/p>","protected":false},"excerpt":{"rendered":"<p><strong data-start=\"1567\" data-end=\"1691\">Pochoir Briques <\/strong>r\u00e9utilisable pour peinture, mobilier, d\u00e9co murale. Haute qualit\u00e9, plusieurs tailles, motif indus urbain.<\/p>","protected":false},"featured_media":4768,"comment_status":"open","ping_status":"closed","template":"","meta":{"bwfblock_default_font":"","_kad_blocks_custom_css":"","_kad_blocks_head_custom_js":"","_kad_blocks_body_custom_js":"","_kad_blocks_footer_custom_js":"","_kadence_starter_templates_imported_post":false,"_kad_post_transparent":"default","_kad_post_title":"","_kad_post_layout":"default","_kad_post_sidebar_id":"","_kad_post_content_style":"default","_kad_post_vertical_padding":"default","_kad_post_feature":"","_kad_post_feature_position":"","_kad_post_header":false,"_kad_post_footer":false,"_kad_post_classname":""},"product_brand":[1415],"product_cat":[273,328],"product_tag":[435,433,434,327,286],"class_list":{"0":"post-4758","1":"product","2":"type-product","3":"status-publish","4":"has-post-thumbnail","6":"product_brand-mes-pochoirs","7":"product_cat-pochoirs-urbains","8":"product_cat-pochoirs-street-art","9":"product_tag-briques","10":"product_tag-mur","11":"product_tag-mural","12":"product_tag-street-art","13":"product_tag-urbain","15":"first","16":"instock","17":"taxable","18":"shipping-taxable","19":"purchasable","20":"product-type-variable","21":"has-default-attributes","22":"entry","23":"content-bg","24":"loop-entry"},"taxonomy_info":{"product_brand":[{"value":1415,"label":"Mes Pochoirs"}],"product_cat":[{"value":273,"label":"Urbains"},{"value":328,"label":"Street Art"}],"product_tag":[{"value":435,"label":"briques"},{"value":433,"label":"mur"},{"value":434,"label":"mural"},{"value":327,"label":"street art"},{"value":286,"label":"urbain"}]},"featured_image_src_large":["https:\/\/mes-pochoirs.com\/wp-content\/uploads\/2022\/07\/U0002-pochoir-mur-briques-mes-pochoirs-com-858x1030.jpg",858,1030,true],"author_info":[],"comment_info":6,"_links":{"self":[{"href":"https:\/\/mes-pochoirs.com\/nl\/wp-json\/wp\/v2\/product\/4758","targetHints":{"allow":["GET"]}}],"collection":[{"href":"https:\/\/mes-pochoirs.com\/nl\/wp-json\/wp\/v2\/product"}],"about":[{"href":"https:\/\/mes-pochoirs.com\/nl\/wp-json\/wp\/v2\/types\/product"}],"replies":[{"embeddable":true,"href":"https:\/\/mes-pochoirs.com\/nl\/wp-json\/wp\/v2\/comments?post=4758"}],"wp:featuredmedia":[{"embeddable":true,"href":"https:\/\/mes-pochoirs.com\/nl\/wp-json\/wp\/v2\/media\/4768"}],"wp:attachment":[{"href":"https:\/\/mes-pochoirs.com\/nl\/wp-json\/wp\/v2\/media?parent=4758"}],"wp:term":[{"taxonomy":"product_brand","embeddable":true,"href":"https:\/\/mes-pochoirs.com\/nl\/wp-json\/wp\/v2\/product_brand?post=4758"},{"taxonomy":"product_cat","embeddable":true,"href":"https:\/\/mes-pochoirs.com\/nl\/wp-json\/wp\/v2\/product_cat?post=4758"},{"taxonomy":"product_tag","embeddable":true,"href":"https:\/\/mes-pochoirs.com\/nl\/wp-json\/wp\/v2\/product_tag?post=4758"}],"curies":[{"name":"wp","href":"https:\/\/api.w.org\/{rel}","templated":true}]}}