{"id":7999,"date":"2023-03-30T16:21:05","date_gmt":"2023-03-30T14:21:05","guid":{"rendered":"https:\/\/mes-pochoirs.com\/?post_type=product&#038;p=7999"},"modified":"2025-10-31T11:47:00","modified_gmt":"2025-10-31T10:47:00","slug":"gebogen-lijnen-stencil-g0036","status":"publish","type":"product","link":"https:\/\/mes-pochoirs.com\/nl\/produit\/pochoir-lignes-courbes-g0036","title":{"rendered":"Gebogen lijnen sjabloon - G0036"},"content":{"rendered":"<h2>Sjabloon met gebogen lijnen<\/h2>\n<p><strong>Sjabloon met gebogen lijnen<\/strong> : ce motif tout en douceur s\u2019inspire des formes naturelles et organiques, o\u00f9 les lignes se croisent et s\u2019entrelacent avec l\u00e9g\u00e8ret\u00e9. Il \u00e9voque un rythme visuel apaisant, semblable au mouvement de l\u2019eau ou \u00e0 la danse du vent sur une surface. Ce pochoir invite \u00e0 l\u2019harmonie et \u00e0 la fluidit\u00e9, tout en laissant une grande libert\u00e9 d\u2019interpr\u00e9tation. Parfait pour ajouter du relief, de la structure ou de la dynamique \u00e0 une \u0153uvre abstraite, un tableau d\u00e9coratif ou un projet de peinture murale inspir\u00e9 par la nature et le mouvement.<\/p>\n<h3>Un style g\u00e9om\u00e9trique libre et contemporain<\/h3>\n<p><strong>Sjabloon met gebogen lijnen<\/strong> : ce design graphique se situe \u00e0 la fronti\u00e8re entre l\u2019abstraction g\u00e9om\u00e9trique et le style contemporain minimaliste. Il peut aussi bien s\u2019int\u00e9grer dans une d\u00e9coration \u00e9pur\u00e9e qu\u2019apporter du contraste dans un univers color\u00e9 et vibrant. Ce pochoir r\u00e9utilisable, r\u00e9versible, disponible en plusieurs tailles, est fabriqu\u00e9 en haute qualit\u00e9 pour accompagner tous types de supports : toile, mur, textile, meuble, carton, etc. C\u2019est un outil cr\u00e9atif id\u00e9al pour exprimer le mouvement, la l\u00e9g\u00e8ret\u00e9 ou une forme d\u2019\u00e9l\u00e9gance graphique dans n\u2019importe quel projet artistique.<\/p>\n<p>\u00a0<\/p>","protected":false},"excerpt":{"rendered":"<p>Dit geometrische sjabloon is gemaakt in ons atelier in Frankrijk.<br \/>\nJe kunt het gewenste formaat kiezen in het vervolgkeuzemenu.<\/p>","protected":false},"featured_media":7791,"comment_status":"open","ping_status":"closed","template":"","meta":{"bwfblock_default_font":"","_kad_blocks_custom_css":"","_kad_blocks_head_custom_js":"","_kad_blocks_body_custom_js":"","_kad_blocks_footer_custom_js":"","_kadence_starter_templates_imported_post":false,"_kad_post_transparent":"default","_kad_post_title":"","_kad_post_layout":"default","_kad_post_sidebar_id":"","_kad_post_content_style":"default","_kad_post_vertical_padding":"default","_kad_post_feature":"","_kad_post_feature_position":"","_kad_post_header":false,"_kad_post_footer":false,"_kad_post_classname":""},"product_brand":[1415],"product_cat":[241],"product_tag":[342,232,245],"class_list":{"0":"post-7999","1":"product","2":"type-product","3":"status-publish","4":"has-post-thumbnail","6":"product_brand-mes-pochoirs","7":"product_cat-pochoirs-geometriques","8":"product_tag-courbes","9":"product_tag-geometrique","10":"product_tag-lignes","12":"first","13":"instock","14":"taxable","15":"shipping-taxable","16":"purchasable","17":"product-type-variable","18":"has-default-attributes","19":"entry","20":"content-bg","21":"loop-entry"},"taxonomy_info":{"product_brand":[{"value":1415,"label":"Mes Pochoirs"}],"product_cat":[{"value":241,"label":"G\u00e9om\u00e9triques"}],"product_tag":[{"value":342,"label":"courbes"},{"value":232,"label":"g\u00e9om\u00e9trique"},{"value":245,"label":"lignes"}]},"featured_image_src_large":["https:\/\/mes-pochoirs.com\/wp-content\/uploads\/2023\/03\/G0036-pochoir-geometrique-mes-pochoirs-com-858x1030.jpg",858,1030,true],"author_info":[],"comment_info":0,"_links":{"self":[{"href":"https:\/\/mes-pochoirs.com\/nl\/wp-json\/wp\/v2\/product\/7999","targetHints":{"allow":["GET"]}}],"collection":[{"href":"https:\/\/mes-pochoirs.com\/nl\/wp-json\/wp\/v2\/product"}],"about":[{"href":"https:\/\/mes-pochoirs.com\/nl\/wp-json\/wp\/v2\/types\/product"}],"replies":[{"embeddable":true,"href":"https:\/\/mes-pochoirs.com\/nl\/wp-json\/wp\/v2\/comments?post=7999"}],"wp:featuredmedia":[{"embeddable":true,"href":"https:\/\/mes-pochoirs.com\/nl\/wp-json\/wp\/v2\/media\/7791"}],"wp:attachment":[{"href":"https:\/\/mes-pochoirs.com\/nl\/wp-json\/wp\/v2\/media?parent=7999"}],"wp:term":[{"taxonomy":"product_brand","embeddable":true,"href":"https:\/\/mes-pochoirs.com\/nl\/wp-json\/wp\/v2\/product_brand?post=7999"},{"taxonomy":"product_cat","embeddable":true,"href":"https:\/\/mes-pochoirs.com\/nl\/wp-json\/wp\/v2\/product_cat?post=7999"},{"taxonomy":"product_tag","embeddable":true,"href":"https:\/\/mes-pochoirs.com\/nl\/wp-json\/wp\/v2\/product_tag?post=7999"}],"curies":[{"name":"wp","href":"https:\/\/api.w.org\/{rel}","templated":true}]}}