{"id":9439,"date":"2023-07-15T15:01:40","date_gmt":"2023-07-15T13:01:40","guid":{"rendered":"https:\/\/mes-pochoirs.com\/?post_type=product&#038;p=9439"},"modified":"2025-10-31T11:56:46","modified_gmt":"2025-10-31T10:56:46","slug":"composiet-bladeren-stencil-n0021","status":"publish","type":"product","link":"https:\/\/mes-pochoirs.com\/nl\/produit\/pochoir-feuilles-composees-n0021","title":{"rendered":"Samengestelde bladeren sjabloon - N0021"},"content":{"rendered":"<p>Samengestelde bladeren sjabloon<\/p>\n<p><strong>Samengestelde bladeren sjabloon<\/strong> : Ce pochoir \u00e9voque un jardin graphique aux allures tropicales. Chaque feuille semble danser sous un souffle l\u00e9ger, \u00e9voquant \u00e0 la fois fra\u00eecheur, l\u00e9g\u00e8ret\u00e9 et mouvement. L\u2019agencement des feuillages cr\u00e9e un effet v\u00e9g\u00e9tal harmonieux, enveloppant et vivant, parfait pour apporter une touche de nature \u00e0 vos \u0153uvres.<\/p>\n<p>Ce motif est une invitation \u00e0 la r\u00eaverie v\u00e9g\u00e9tale, un clin d&#8217;\u0153il \u00e0 la luxuriance des plantes exotiques et \u00e0 la douceur d\u2019un d\u00e9cor naturel. Il est id\u00e9al pour transformer une toile, un mur ou un meuble en paysage apaisant, entre nature et design.<\/p>\n<h3>Un style graphique fluide et d\u00e9coratif<\/h3>\n<p><strong>Samengestelde bladeren sjabloon<\/strong> : Son design repose sur une r\u00e9p\u00e9tition organique de formes courbes et sym\u00e9triques, jouant subtilement entre ombre et lumi\u00e8re. Les nervures ajour\u00e9es de chaque feuille apportent du relief et du dynamisme \u00e0 la composition, tout en conservant une structure tr\u00e8s esth\u00e9tique.<\/p>\n<p>R\u00e9utilisable, r\u00e9versible, d\u00e9coup\u00e9 avec pr\u00e9cision et disponible en plusieurs tailles, ce <strong>Samengestelde bladeren sjabloon<\/strong> est un outil de cr\u00e9ation parfait pour les artistes peintres, les d\u00e9corateurs ou les passionn\u00e9s de DIY. Que ce soit pour une peinture murale, un tableau ou un support textile, il apporte instantan\u00e9ment \u00e9l\u00e9gance, fra\u00eecheur et coh\u00e9rence visuelle \u00e0 vos projets cr\u00e9atifs.<\/p>","protected":false},"excerpt":{"rendered":"<p style=\"text-align: left\"><strong>Samengestelde bladeren sjabloon<\/strong> pour cr\u00e9ation fluide et graphique. Id\u00e9al peinture ou tableau. Haute qualit\u00e9, plusieurs tailles, r\u00e9utilisable.<\/p>","protected":false},"featured_media":9317,"comment_status":"open","ping_status":"closed","template":"","meta":{"bwfblock_default_font":"","_kad_blocks_custom_css":"","_kad_blocks_head_custom_js":"","_kad_blocks_body_custom_js":"","_kad_blocks_footer_custom_js":"","_kadence_starter_templates_imported_post":false,"_kad_post_transparent":"default","_kad_post_title":"","_kad_post_layout":"default","_kad_post_sidebar_id":"","_kad_post_content_style":"default","_kad_post_vertical_padding":"default","_kad_post_feature":"","_kad_post_feature_position":"","_kad_post_header":false,"_kad_post_footer":false,"_kad_post_classname":""},"product_brand":[1415],"product_cat":[369],"product_tag":[371,409,370],"class_list":{"0":"post-9439","1":"product","2":"type-product","3":"status-publish","4":"has-post-thumbnail","6":"product_brand-mes-pochoirs","7":"product_cat-pochoirs-nature","8":"product_tag-feuilles","9":"product_tag-feuilles-composees","10":"product_tag-nature","12":"first","13":"instock","14":"taxable","15":"shipping-taxable","16":"purchasable","17":"product-type-variable","18":"entry","19":"content-bg","20":"loop-entry"},"taxonomy_info":{"product_brand":[{"value":1415,"label":"Mes Pochoirs"}],"product_cat":[{"value":369,"label":"Nature"}],"product_tag":[{"value":371,"label":"feuilles"},{"value":409,"label":"feuilles compos\u00e9es"},{"value":370,"label":"nature"}]},"featured_image_src_large":["https:\/\/mes-pochoirs.com\/wp-content\/uploads\/2023\/06\/N0021-FR-pochoir-feuilles-copyright-mes-pochoirs-858x1030.jpg",858,1030,true],"author_info":[],"comment_info":0,"_links":{"self":[{"href":"https:\/\/mes-pochoirs.com\/nl\/wp-json\/wp\/v2\/product\/9439","targetHints":{"allow":["GET"]}}],"collection":[{"href":"https:\/\/mes-pochoirs.com\/nl\/wp-json\/wp\/v2\/product"}],"about":[{"href":"https:\/\/mes-pochoirs.com\/nl\/wp-json\/wp\/v2\/types\/product"}],"replies":[{"embeddable":true,"href":"https:\/\/mes-pochoirs.com\/nl\/wp-json\/wp\/v2\/comments?post=9439"}],"wp:featuredmedia":[{"embeddable":true,"href":"https:\/\/mes-pochoirs.com\/nl\/wp-json\/wp\/v2\/media\/9317"}],"wp:attachment":[{"href":"https:\/\/mes-pochoirs.com\/nl\/wp-json\/wp\/v2\/media?parent=9439"}],"wp:term":[{"taxonomy":"product_brand","embeddable":true,"href":"https:\/\/mes-pochoirs.com\/nl\/wp-json\/wp\/v2\/product_brand?post=9439"},{"taxonomy":"product_cat","embeddable":true,"href":"https:\/\/mes-pochoirs.com\/nl\/wp-json\/wp\/v2\/product_cat?post=9439"},{"taxonomy":"product_tag","embeddable":true,"href":"https:\/\/mes-pochoirs.com\/nl\/wp-json\/wp\/v2\/product_tag?post=9439"}],"curies":[{"name":"wp","href":"https:\/\/api.w.org\/{rel}","templated":true}]}}