{"id":9711,"date":"2023-08-04T13:34:36","date_gmt":"2023-08-04T11:34:36","guid":{"rendered":"https:\/\/mes-pochoirs.com\/?post_type=product&#038;p=9711"},"modified":"2025-10-31T11:56:55","modified_gmt":"2025-10-31T10:56:55","slug":"pochoir-arbre-fleurs-printemps-n0018","status":"publish","type":"product","link":"https:\/\/mes-pochoirs.com\/nl\/produit\/pochoir-arbre-fleurs-printemps-n0018","title":{"rendered":"Lente Boom &amp; Bloemen Stencil - N0018"},"content":{"rendered":"<h2>Pochoir Arbre &amp; Fleurs Printemps<\/h2>\n<p><strong>Pochoir Arbre &amp; Fleurs<\/strong> <strong>Lente<\/strong> vous invite \u00e0 une balade bucolique \u00e0 travers une nature luxuriante et symbolique. Au centre, un arbre majestueux d\u00e9ploie ses branches pleines de feuilles comme une c\u00e9l\u00e9bration de la vie, de l\u2019\u00e9quilibre et de la s\u00e9r\u00e9nit\u00e9. \u00c0 ses pieds, une prairie g\u00e9n\u00e9reuse s\u2019anime de fleurs vari\u00e9es, de tiges souples et d\u2019herbes hautes, \u00e9voquant les cycles de la nature et la richesse des saisons.<\/p>\n<p>Ce pochoir \u00e9voque une atmosph\u00e8re de calme et d\u2019harmonie, id\u00e9ale pour des cr\u00e9ations d\u00e9coratives qui transmettent une sensation de paix et d\u2019ancrage. Il peut facilement \u00eatre utilis\u00e9 pour personnaliser un mur, un meuble ou une toile, transformant un support simple en une \u0153uvre inspir\u00e9e et v\u00e9g\u00e9tale. Il stimule l\u2019imagination de celui qui cr\u00e9e et invite \u00e0 r\u00eaver d\u2019un jardin id\u00e9al.<\/p>\n<h3>Un style graphique expressif et raffin\u00e9<\/h3>\n<p><strong>Pochoir Arbre &amp; Fleurs<\/strong> <strong>Lente<\/strong> s\u00e9duit par son style graphique \u00e0 la fois structur\u00e9 et fluide. Le design joue avec les contrastes entre les pleins et les vides, typiques de l\u2019art du pochoir. Les courbes douces de l\u2019arbre et les formes florales stylis\u00e9es cr\u00e9ent une composition \u00e9quilibr\u00e9e, qui capte imm\u00e9diatement le regard et offre un impact visuel fort.<\/p>\n<p>Ce pochoir s\u2019inscrit dans une esth\u00e9tique \u00e0 mi-chemin entre l\u2019illustration d\u00e9corative moderne et les motifs artisanaux inspir\u00e9s de la nature. Il s\u2019adapte aussi bien \u00e0 des univers boh\u00e8mes, rustiques ou contemporains, en fonction des couleurs et des supports choisis. Son d\u00e9coupage pr\u00e9cis garantit un rendu net et professionnel, parfait pour des projets DIY, de d\u00e9coration int\u00e9rieure ou m\u00eame d\u2019embellissement urbain.<\/p>\n<p>\u00a0<\/p>","protected":false},"excerpt":{"rendered":"<p><strong>Pochoir Arbre &amp; Fleurs Printemps<\/strong> pour donner vie \u00e0 vos toiles ou murs. R\u00e9utilisable, haute qualit\u00e9, plusieurs tailles et rendu \u00e9l\u00e9gant garanti.<\/p>","protected":false},"featured_media":9676,"comment_status":"open","ping_status":"closed","template":"","meta":{"bwfblock_default_font":"","_kad_blocks_custom_css":"","_kad_blocks_head_custom_js":"","_kad_blocks_body_custom_js":"","_kad_blocks_footer_custom_js":"","_kadence_starter_templates_imported_post":false,"_kad_post_transparent":"default","_kad_post_title":"","_kad_post_layout":"default","_kad_post_sidebar_id":"","_kad_post_content_style":"default","_kad_post_vertical_padding":"default","_kad_post_feature":"","_kad_post_feature_position":"","_kad_post_header":false,"_kad_post_footer":false,"_kad_post_classname":""},"product_brand":[1415],"product_cat":[369],"product_tag":[414,371,416,370,415],"class_list":{"0":"post-9711","1":"product","2":"type-product","3":"status-publish","4":"has-post-thumbnail","6":"product_brand-mes-pochoirs","7":"product_cat-pochoirs-nature","8":"product_tag-arbre","9":"product_tag-feuilles","10":"product_tag-fleurs","11":"product_tag-nature","12":"product_tag-printemps","14":"first","15":"instock","16":"taxable","17":"shipping-taxable","18":"purchasable","19":"product-type-variable","20":"has-default-attributes","21":"entry","22":"content-bg","23":"loop-entry"},"taxonomy_info":{"product_brand":[{"value":1415,"label":"Mes Pochoirs"}],"product_cat":[{"value":369,"label":"Nature"}],"product_tag":[{"value":414,"label":"Arbre"},{"value":371,"label":"feuilles"},{"value":416,"label":"fleurs"},{"value":370,"label":"nature"},{"value":415,"label":"Printemps"}]},"featured_image_src_large":["https:\/\/mes-pochoirs.com\/wp-content\/uploads\/2023\/08\/N0018-FR-pochoir-arbre-fleurs-copyright-mes-pochoirs-858x1030.jpg",858,1030,true],"author_info":[],"comment_info":0,"_links":{"self":[{"href":"https:\/\/mes-pochoirs.com\/nl\/wp-json\/wp\/v2\/product\/9711","targetHints":{"allow":["GET"]}}],"collection":[{"href":"https:\/\/mes-pochoirs.com\/nl\/wp-json\/wp\/v2\/product"}],"about":[{"href":"https:\/\/mes-pochoirs.com\/nl\/wp-json\/wp\/v2\/types\/product"}],"replies":[{"embeddable":true,"href":"https:\/\/mes-pochoirs.com\/nl\/wp-json\/wp\/v2\/comments?post=9711"}],"wp:featuredmedia":[{"embeddable":true,"href":"https:\/\/mes-pochoirs.com\/nl\/wp-json\/wp\/v2\/media\/9676"}],"wp:attachment":[{"href":"https:\/\/mes-pochoirs.com\/nl\/wp-json\/wp\/v2\/media?parent=9711"}],"wp:term":[{"taxonomy":"product_brand","embeddable":true,"href":"https:\/\/mes-pochoirs.com\/nl\/wp-json\/wp\/v2\/product_brand?post=9711"},{"taxonomy":"product_cat","embeddable":true,"href":"https:\/\/mes-pochoirs.com\/nl\/wp-json\/wp\/v2\/product_cat?post=9711"},{"taxonomy":"product_tag","embeddable":true,"href":"https:\/\/mes-pochoirs.com\/nl\/wp-json\/wp\/v2\/product_tag?post=9711"}],"curies":[{"name":"wp","href":"https:\/\/api.w.org\/{rel}","templated":true}]}}